{"id":1584,"date":"2023-05-23T13:03:56","date_gmt":"2023-05-23T17:03:56","guid":{"rendered":"https:\/\/effieforcongress.com\/about\/"},"modified":"2025-09-11T18:10:35","modified_gmt":"2025-09-11T18:10:35","slug":"conoce","status":"publish","type":"page","link":"https:\/\/effieforcongress.com\/es\/conoce\/","title":{"rendered":"Conoce a Effie"},"content":{"rendered":"\n<div class=\"wp-block-media-text alignwide has-media-on-the-right is-stacked-on-mobile\"><div class=\"wp-block-media-text__content\">\n<h2 class=\"wp-block-heading\">Valores enfocados en las personas<\/h2>\n\n\n\n<p>Desde temprana edad, Effie aprendi\u00f3 el valor del trabajo duro y de servir a otros. Su pap\u00e1 era un veterano y servidor p\u00fablico. Su mam\u00e1; una educadora que emigr\u00f3 a los Estados Unidos desde El Salvador. Familias como la suya tuvieron la posibilidad de tener vivienda propia y llevar una vida tranquila como una familia clase media en los suburbios. En ese entonces, los costos de atenci\u00f3n m\u00e9dica no representaban una amenaza financiera para las familias, y tener educaci\u00f3n universitaria todav\u00eda era asequible. Effie obtuvo su educaci\u00f3n en escuelas p\u00fablicas, colegios comunitarios y se gradu\u00f3 con honores de la Universidad de California en Berkeley. Ella siempre sinti\u00f3 una gran responsabilidad y el deber de devolver el favor a las comunidades que la vieron crecer. Fuese acompa\u00f1ando a mujeres para que recibieran atenci\u00f3n m\u00e9dica durante manifestaciones violentas en contra de sus derechos reproductivos, fortaleciendo las escuelas p\u00fablicas locales o sirviendo en el gobierno local para que nuestras calles sean m\u00e1s seguras, Effie siempre ha luchado por nuestros valores y por nuestra comunidad.<\/p>\n<\/div><figure class=\"wp-block-media-text__media\"><img loading=\"lazy\" decoding=\"async\" width=\"720\" height=\"960\" src=\"https:\/\/effieforcongress.com\/wp-content\/uploads\/2025\/08\/Facetune_06-05-2025-15-00-21.jpeg\" alt=\"\" class=\"wp-image-1531 size-full\" srcset=\"https:\/\/effieforcongress.com\/wp-content\/uploads\/2025\/08\/Facetune_06-05-2025-15-00-21-225x300.jpeg 225w, https:\/\/effieforcongress.com\/wp-content\/uploads\/2025\/08\/Facetune_06-05-2025-15-00-21-450x600.jpeg 450w, https:\/\/effieforcongress.com\/wp-content\/uploads\/2025\/08\/Facetune_06-05-2025-15-00-21.jpeg 720w\" sizes=\"auto, (max-width: 720px) 100vw, 720px\" \/><\/figure><\/div>\n\n\n\n<h2 class=\"wp-block-heading\"><strong>Cuid\u00e1ndonos y Defendi\u00e9ndonos Mutuamente<\/strong><\/h2>\n\n\n\n<p>Estados Unidos est\u00e1 en crisis. Muchas familias no tienen la posibilidad de obtener vivienda propia y muchas personas m\u00e1s est\u00e1n enfrentando los elevados costos de su renta. El derecho al voto est\u00e1 siendo atacado. Los programas que sirven a los veteranos de guerra y a los adultos mayores est\u00e1n siendo erradicados. Los inmigrantes que siguen las leyes est\u00e1n siendo sacados de las calles sin su debido proceso. Las uniones que luchan por la seguridad, derechos y salarios de miles de trabajadores tambi\u00e9n est\u00e1n en peligro.&nbsp;<\/p>\n\n\n\n<p>Effie entiende lo que est\u00e1 a riesgo y est\u00e1 preparada para enfrentar la administraci\u00f3n de Trump y a Lawler para restaurar la promesa de un Estados Unidos que funcione para la clase trabajadora.&nbsp;<\/p>\n\n\n\n<p>Eso significa tomar medidas dr\u00e1sticas contra el descontrol de los precios de la vivienda y la energ\u00eda el\u00e9ctrica. Eso significa obligar a los multimillonarios y las grandes corporaciones a pagar su parte justa en impuestos para proteger la Seguridad Social y Medicare. Eso significa restaurar el derecho de la mujer a elegir y ampliar el acceso a una atenci\u00f3n m\u00e9dica asequible. Debemos proteger la belleza y la econom\u00eda del Valle del Hudson de los estragos del cambio clim\u00e1tico. Significa luchar y enfrentarnos cara a cara con los agresores que piensan que no vamos a defendernos.<\/p>\n\n\n\n<figure class=\"wp-block-gallery alignwide has-nested-images columns-default is-cropped wp-block-gallery-1 is-layout-flex wp-block-gallery-is-layout-flex\">\n<figure class=\"wp-block-image size-large\"><img loading=\"lazy\" decoding=\"async\" width=\"1024\" height=\"730\" data-id=\"1354\" src=\"https:\/\/effieforcongress.com\/wp-content\/uploads\/2025\/05\/Screenshot-2025-04-23-at-4.18.21-PM-1-2-1024x730.png\" alt=\"\" class=\"wp-image-1354\" srcset=\"https:\/\/effieforcongress.com\/wp-content\/uploads\/2025\/05\/Screenshot-2025-04-23-at-4.18.21-PM-1-2-300x214.png 300w, https:\/\/effieforcongress.com\/wp-content\/uploads\/2025\/05\/Screenshot-2025-04-23-at-4.18.21-PM-1-2-600x428.png 600w, https:\/\/effieforcongress.com\/wp-content\/uploads\/2025\/05\/Screenshot-2025-04-23-at-4.18.21-PM-1-2-768x547.png 768w, https:\/\/effieforcongress.com\/wp-content\/uploads\/2025\/05\/Screenshot-2025-04-23-at-4.18.21-PM-1-2-1024x730.png 1024w, https:\/\/effieforcongress.com\/wp-content\/uploads\/2025\/05\/Screenshot-2025-04-23-at-4.18.21-PM-1-2.png 1086w\" sizes=\"auto, (max-width: 1024px) 100vw, 1024px\" \/><\/figure>\n\n\n\n<figure class=\"wp-block-image size-large\"><img loading=\"lazy\" decoding=\"async\" width=\"1024\" height=\"730\" data-id=\"1355\" src=\"https:\/\/effieforcongress.com\/wp-content\/uploads\/2025\/05\/image7-2-1024x730.png\" alt=\"\" class=\"wp-image-1355\" srcset=\"https:\/\/effieforcongress.com\/wp-content\/uploads\/2025\/05\/image7-2-300x214.png 300w, https:\/\/effieforcongress.com\/wp-content\/uploads\/2025\/05\/image7-2-600x428.png 600w, https:\/\/effieforcongress.com\/wp-content\/uploads\/2025\/05\/image7-2-768x548.png 768w, https:\/\/effieforcongress.com\/wp-content\/uploads\/2025\/05\/image7-2-1024x730.png 1024w, https:\/\/effieforcongress.com\/wp-content\/uploads\/2025\/05\/image7-2.png 1102w\" sizes=\"auto, (max-width: 1024px) 100vw, 1024px\" \/><\/figure>\n<\/figure>\n\n\n\n<h2 class=\"wp-block-heading\"><strong>Una L\u00edder Con Experiencia<\/strong><\/h2>\n\n\n\n<p>Effie Guadalupe Phillips-Staley es una l\u00edder con larga trayectoria y experiencia en el sector de organizaciones sin \u00e1nimo de lucro. Ella tiene d\u00e9cadas de experiencia laboral en instituciones educativas, culturales y de justicia social. Effie actualmente sirve su segundo mandato como fideicomisaria de la Villa de Tarrytown, donde prioriza la creaci\u00f3n de calles seguras y transitables, la asequibilidad de la vivienda, el fomento de la resiliencia ante el cambio clim\u00e1tico y el apoyo a las empresas locales.<\/p>\n\n\n\n<p>Profesionalmente, Effie ha dedicado su vida a trabajar por causas con misi\u00f3n y visi\u00f3n. Previamente, ella dirigi\u00f3 la recaudaci\u00f3n de fondos en la Federaci\u00f3n Hispana en la ciudad de Nueva York para incrementar los recursos de socorro para desastres naturales en Puerto Rico y para apoyar la lucha por la justicia social alrededor de los Estados Unidos.&nbsp;<\/p>\n\n\n\n<p>A partir de ah\u00ed, Effie sirvi\u00f3 como directora ejecutiva de la Fundaci\u00f3n por las Escuelas P\u00fablicas de las Tarrytowns, all\u00ed ella trabaj\u00f3 recaudando fondos, creando programas comunitarios y subvenciones financieras para avanzar la agenda de oportunidades educativas para familias de diversos estatus socioecon\u00f3micos y donde el distrito escolar es de mayor\u00eda hispana.&nbsp;<\/p>\n\n\n\n<p>Hasta muy recientemente, Effie tambi\u00e9n sirvi\u00f3 como directora de avance institucional y capital, de la organizaci\u00f3n cultural, The Kitchen, en la ciudad de Nueva York. Esta instituci\u00f3n cultural es conocida por defender la experimentaci\u00f3n art\u00edstica, la innovaci\u00f3n y la libertad en la ciudad y m\u00e1s all\u00e1 durante m\u00e1s de medio siglo.<\/p>\n\n\n\n<p>Effie cree en el poder de la cultura y de las artes para enriquecer las vidas de los ciudadanos y para fortalecer las econom\u00edas locales. Su extenso trabajo en este campo incluye tambi\u00e9n alianzas con organizaciones comunitarias, artistas y maestros para desarrollar programas innovadores e inclusivos en el Museo de Arte Moderno, en el Museo Whitney de Arte Americano en NY, en la Galer\u00eda Dulwich en Londres, el Museo Brooks de Arte en Memphis y la Galer\u00eda Raza\/Posada (ahora el Centro Cultural Latino de Arte y Cultura) en Sacramento.&nbsp;<\/p>\n\n\n\n<p>Hoy, Effie vive en Tarrytown con su esposo y sus dos hijos, ambos asisten a escuelas locales p\u00fablicas.<\/p>\n\n\n\n<figure class=\"wp-block-gallery alignwide has-nested-images columns-default is-cropped wp-block-gallery-2 is-layout-flex wp-block-gallery-is-layout-flex\">\n<figure class=\"wp-block-image size-large\"><img loading=\"lazy\" decoding=\"async\" width=\"1024\" height=\"740\" data-id=\"1356\" src=\"https:\/\/effieforcongress.com\/wp-content\/uploads\/2025\/05\/Screenshot-2025-04-23-at-4.53.23-PM-1-2-1024x740.png\" alt=\"\" class=\"wp-image-1356\" srcset=\"https:\/\/effieforcongress.com\/wp-content\/uploads\/2025\/05\/Screenshot-2025-04-23-at-4.53.23-PM-1-2-300x217.png 300w, https:\/\/effieforcongress.com\/wp-content\/uploads\/2025\/05\/Screenshot-2025-04-23-at-4.53.23-PM-1-2-600x433.png 600w, https:\/\/effieforcongress.com\/wp-content\/uploads\/2025\/05\/Screenshot-2025-04-23-at-4.53.23-PM-1-2-768x555.png 768w, https:\/\/effieforcongress.com\/wp-content\/uploads\/2025\/05\/Screenshot-2025-04-23-at-4.53.23-PM-1-2-1024x740.png 1024w, https:\/\/effieforcongress.com\/wp-content\/uploads\/2025\/05\/Screenshot-2025-04-23-at-4.53.23-PM-1-2.png 1088w\" sizes=\"auto, (max-width: 1024px) 100vw, 1024px\" \/><\/figure>\n\n\n\n<figure class=\"wp-block-image size-large\"><img loading=\"lazy\" decoding=\"async\" width=\"1024\" height=\"729\" data-id=\"1400\" src=\"https:\/\/effieforcongress.com\/wp-content\/uploads\/2025\/05\/49537229487_5f6d93c0e8_k-11-2-1024x729.png\" alt=\"\" class=\"wp-image-1400\" srcset=\"https:\/\/effieforcongress.com\/wp-content\/uploads\/2025\/05\/49537229487_5f6d93c0e8_k-11-2-300x214.png 300w, https:\/\/effieforcongress.com\/wp-content\/uploads\/2025\/05\/49537229487_5f6d93c0e8_k-11-2-600x427.png 600w, https:\/\/effieforcongress.com\/wp-content\/uploads\/2025\/05\/49537229487_5f6d93c0e8_k-11-2-768x547.png 768w, https:\/\/effieforcongress.com\/wp-content\/uploads\/2025\/05\/49537229487_5f6d93c0e8_k-11-2-1024x729.png 1024w, https:\/\/effieforcongress.com\/wp-content\/uploads\/2025\/05\/49537229487_5f6d93c0e8_k-11-2.png 1210w\" sizes=\"auto, (max-width: 1024px) 100vw, 1024px\" \/><\/figure>\n<\/figure>\n","protected":false},"excerpt":{"rendered":"<p>Valores enfocados en las personas Desde temprana edad, Effie aprendi\u00f3 el valor del trabajo duro y de servir a otros. Su pap\u00e1 era un veterano y servidor p\u00fablico. Su mam\u00e1; una educadora que emigr\u00f3 a los&nbsp;&hellip;<\/p>\n","protected":false},"author":1,"featured_media":0,"parent":0,"menu_order":0,"comment_status":"closed","ping_status":"closed","template":"","meta":{"_acf_changed":false,"footnotes":""},"class_list":["post-1584","page","type-page","status-publish","hentry"],"acf":[],"yoast_head":"<!-- This site is optimized with the Yoast SEO plugin v27.4 - https:\/\/yoast.com\/product\/yoast-seo-wordpress\/ -->\n<title>Conoce a Effie | Effie Phillips-Staley para el Congreso<\/title>\n<meta name=\"description\" content=\"Effie believes that when everyone has a fair shot at the American dream, our nation is stronger.\" \/>\n<meta name=\"robots\" content=\"index, follow, max-snippet:-1, max-image-preview:large, max-video-preview:-1\" \/>\n<link rel=\"canonical\" href=\"https:\/\/effieforcongress.com\/es\/conoce\/\" \/>\n<meta property=\"og:locale\" content=\"es_ES\" \/>\n<meta property=\"og:type\" content=\"article\" \/>\n<meta property=\"og:title\" content=\"Conoce a Effie | Effie Phillips-Staley para el Congreso\" \/>\n<meta property=\"og:description\" content=\"Effie believes that when everyone has a fair shot at the American dream, our nation is stronger.\" \/>\n<meta property=\"og:url\" content=\"https:\/\/effieforcongress.com\/es\/conoce\/\" \/>\n<meta property=\"og:site_name\" content=\"Effie Phillips-Staley para el Congreso\" \/>\n<meta property=\"article:modified_time\" content=\"2025-09-11T18:10:35+00:00\" \/>\n<meta property=\"og:image\" content=\"https:\/\/effieforcongress.com\/wp-content\/uploads\/2025\/05\/EPS-Meta-1200x630-2.png\" \/>\n\t<meta property=\"og:image:width\" content=\"1200\" \/>\n\t<meta property=\"og:image:height\" content=\"630\" \/>\n\t<meta property=\"og:image:type\" content=\"image\/png\" \/>\n<meta name=\"twitter:card\" content=\"summary_large_image\" \/>\n<meta name=\"twitter:image\" content=\"https:\/\/effieforcongress.com\/wp-content\/uploads\/2025\/05\/EPS-Meta-1200x630-2.png\" \/>\n<script type=\"application\/ld+json\" class=\"yoast-schema-graph\">{\"@context\":\"https:\\\/\\\/schema.org\",\"@graph\":[{\"@type\":\"WebPage\",\"@id\":\"https:\\\/\\\/effieforcongress.com\\\/es\\\/conoce\\\/\",\"url\":\"https:\\\/\\\/effieforcongress.com\\\/es\\\/conoce\\\/\",\"name\":\"Conoce a Effie | Effie Phillips-Staley para el Congreso\",\"isPartOf\":{\"@id\":\"https:\\\/\\\/effieforcongress.com\\\/es\\\/#website\"},\"primaryImageOfPage\":{\"@id\":\"https:\\\/\\\/effieforcongress.com\\\/es\\\/conoce\\\/#primaryimage\"},\"image\":{\"@id\":\"https:\\\/\\\/effieforcongress.com\\\/es\\\/conoce\\\/#primaryimage\"},\"thumbnailUrl\":\"https:\\\/\\\/effieforcongress.com\\\/wp-content\\\/uploads\\\/2025\\\/08\\\/Facetune_06-05-2025-15-00-21.jpeg\",\"datePublished\":\"2023-05-23T17:03:56+00:00\",\"dateModified\":\"2025-09-11T18:10:35+00:00\",\"description\":\"Effie believes that when everyone has a fair shot at the American dream, our nation is stronger.\",\"breadcrumb\":{\"@id\":\"https:\\\/\\\/effieforcongress.com\\\/es\\\/conoce\\\/#breadcrumb\"},\"inLanguage\":\"es-ES\",\"potentialAction\":[{\"@type\":\"ReadAction\",\"target\":[\"https:\\\/\\\/effieforcongress.com\\\/es\\\/conoce\\\/\"]}]},{\"@type\":\"ImageObject\",\"inLanguage\":\"es-ES\",\"@id\":\"https:\\\/\\\/effieforcongress.com\\\/es\\\/conoce\\\/#primaryimage\",\"url\":\"https:\\\/\\\/effieforcongress.com\\\/wp-content\\\/uploads\\\/2025\\\/08\\\/Facetune_06-05-2025-15-00-21.jpeg\",\"contentUrl\":\"https:\\\/\\\/effieforcongress.com\\\/wp-content\\\/uploads\\\/2025\\\/08\\\/Facetune_06-05-2025-15-00-21.jpeg\"},{\"@type\":\"BreadcrumbList\",\"@id\":\"https:\\\/\\\/effieforcongress.com\\\/es\\\/conoce\\\/#breadcrumb\",\"itemListElement\":[{\"@type\":\"ListItem\",\"position\":1,\"name\":\"Home\",\"item\":\"https:\\\/\\\/effieforcongress.com\\\/es\\\/\"},{\"@type\":\"ListItem\",\"position\":2,\"name\":\"Conoce a Effie\"}]},{\"@type\":\"WebSite\",\"@id\":\"https:\\\/\\\/effieforcongress.com\\\/es\\\/#website\",\"url\":\"https:\\\/\\\/effieforcongress.com\\\/es\\\/\",\"name\":\"Effie Phillips-Staley para el Congreso\",\"description\":\"Sitio web oficial de la campa\u00f1a\",\"potentialAction\":[{\"@type\":\"SearchAction\",\"target\":{\"@type\":\"EntryPoint\",\"urlTemplate\":\"https:\\\/\\\/effieforcongress.com\\\/es\\\/?s={search_term_string}\"},\"query-input\":{\"@type\":\"PropertyValueSpecification\",\"valueRequired\":true,\"valueName\":\"search_term_string\"}}],\"inLanguage\":\"es-ES\"}]}<\/script>\n<!-- \/ Yoast SEO plugin. -->","yoast_head_json":{"title":"Conoce a Effie | Effie Phillips-Staley para el Congreso","description":"Effie believes that when everyone has a fair shot at the American dream, our nation is stronger.","robots":{"index":"index","follow":"follow","max-snippet":"max-snippet:-1","max-image-preview":"max-image-preview:large","max-video-preview":"max-video-preview:-1"},"canonical":"https:\/\/effieforcongress.com\/es\/conoce\/","og_locale":"es_ES","og_type":"article","og_title":"Conoce a Effie | Effie Phillips-Staley para el Congreso","og_description":"Effie believes that when everyone has a fair shot at the American dream, our nation is stronger.","og_url":"https:\/\/effieforcongress.com\/es\/conoce\/","og_site_name":"Effie Phillips-Staley para el Congreso","article_modified_time":"2025-09-11T18:10:35+00:00","og_image":[{"width":1200,"height":630,"url":"https:\/\/effieforcongress.com\/wp-content\/uploads\/2025\/05\/EPS-Meta-1200x630-2.png","type":"image\/png"}],"twitter_card":"summary_large_image","twitter_image":"https:\/\/effieforcongress.com\/wp-content\/uploads\/2025\/05\/EPS-Meta-1200x630-2.png","schema":{"@context":"https:\/\/schema.org","@graph":[{"@type":"WebPage","@id":"https:\/\/effieforcongress.com\/es\/conoce\/","url":"https:\/\/effieforcongress.com\/es\/conoce\/","name":"Conoce a Effie | Effie Phillips-Staley para el Congreso","isPartOf":{"@id":"https:\/\/effieforcongress.com\/es\/#website"},"primaryImageOfPage":{"@id":"https:\/\/effieforcongress.com\/es\/conoce\/#primaryimage"},"image":{"@id":"https:\/\/effieforcongress.com\/es\/conoce\/#primaryimage"},"thumbnailUrl":"https:\/\/effieforcongress.com\/wp-content\/uploads\/2025\/08\/Facetune_06-05-2025-15-00-21.jpeg","datePublished":"2023-05-23T17:03:56+00:00","dateModified":"2025-09-11T18:10:35+00:00","description":"Effie believes that when everyone has a fair shot at the American dream, our nation is stronger.","breadcrumb":{"@id":"https:\/\/effieforcongress.com\/es\/conoce\/#breadcrumb"},"inLanguage":"es-ES","potentialAction":[{"@type":"ReadAction","target":["https:\/\/effieforcongress.com\/es\/conoce\/"]}]},{"@type":"ImageObject","inLanguage":"es-ES","@id":"https:\/\/effieforcongress.com\/es\/conoce\/#primaryimage","url":"https:\/\/effieforcongress.com\/wp-content\/uploads\/2025\/08\/Facetune_06-05-2025-15-00-21.jpeg","contentUrl":"https:\/\/effieforcongress.com\/wp-content\/uploads\/2025\/08\/Facetune_06-05-2025-15-00-21.jpeg"},{"@type":"BreadcrumbList","@id":"https:\/\/effieforcongress.com\/es\/conoce\/#breadcrumb","itemListElement":[{"@type":"ListItem","position":1,"name":"Home","item":"https:\/\/effieforcongress.com\/es\/"},{"@type":"ListItem","position":2,"name":"Conoce a Effie"}]},{"@type":"WebSite","@id":"https:\/\/effieforcongress.com\/es\/#website","url":"https:\/\/effieforcongress.com\/es\/","name":"Effie Phillips-Staley para el Congreso","description":"Sitio web oficial de la campa\u00f1a","potentialAction":[{"@type":"SearchAction","target":{"@type":"EntryPoint","urlTemplate":"https:\/\/effieforcongress.com\/es\/?s={search_term_string}"},"query-input":{"@type":"PropertyValueSpecification","valueRequired":true,"valueName":"search_term_string"}}],"inLanguage":"es-ES"}]}},"_links":{"self":[{"href":"https:\/\/effieforcongress.com\/es\/wp-json\/wp\/v2\/pages\/1584","targetHints":{"allow":["GET"]}}],"collection":[{"href":"https:\/\/effieforcongress.com\/es\/wp-json\/wp\/v2\/pages"}],"about":[{"href":"https:\/\/effieforcongress.com\/es\/wp-json\/wp\/v2\/types\/page"}],"author":[{"embeddable":true,"href":"https:\/\/effieforcongress.com\/es\/wp-json\/wp\/v2\/users\/1"}],"replies":[{"embeddable":true,"href":"https:\/\/effieforcongress.com\/es\/wp-json\/wp\/v2\/comments?post=1584"}],"version-history":[{"count":2,"href":"https:\/\/effieforcongress.com\/es\/wp-json\/wp\/v2\/pages\/1584\/revisions"}],"predecessor-version":[{"id":1587,"href":"https:\/\/effieforcongress.com\/es\/wp-json\/wp\/v2\/pages\/1584\/revisions\/1587"}],"wp:attachment":[{"href":"https:\/\/effieforcongress.com\/es\/wp-json\/wp\/v2\/media?parent=1584"}],"curies":[{"name":"wp","href":"https:\/\/api.w.org\/{rel}","templated":true}]}}