{"id":1589,"date":"2023-05-23T13:07:06","date_gmt":"2023-05-23T17:07:06","guid":{"rendered":"https:\/\/effieforcongress.com\/priorities\/"},"modified":"2025-09-11T18:18:59","modified_gmt":"2025-09-11T18:18:59","slug":"prioridades","status":"publish","type":"page","link":"https:\/\/effieforcongress.com\/es\/prioridades\/","title":{"rendered":"Prioridades"},"content":{"rendered":"\n<p>Effie se est\u00e1 postulando al congreso para hacer que Washington trabaje por la gente, no s\u00f3lo para la clase millonaria. Ella cre\u00f3 la Agenda de Progreso Suburbano para darle a todos una oportunidad justa para alcanzar el sue\u00f1o Americano.<\/p>\n\n\n\n<div class=\"wp-block-buttons is-content-justification-center is-layout-flex wp-container-core-buttons-is-layout-16018d1d wp-block-buttons-is-layout-flex\">\n<div class=\"wp-block-button\"><a class=\"wp-block-button__link wp-element-button\" href=\"https:\/\/effieforcongress.com\/wp-content\/uploads\/2025\/08\/Suburban-Progress-Agenda-Executive-Summary.pdf\" target=\"_blank\" rel=\"noreferrer noopener\">Descargar: Agenda de Progreso Suburbano<\/a><\/div>\n<\/div>\n\n\n\n<h2 class=\"wp-block-heading\" id=\"build\"><strong><strong>5 Millones de Nuevos Hogares Durante los Pr\u00f3ximos Diez A\u00f1os en Todo El Pa\u00eds\u2013 66,000 Aqu\u00ed en Nuestro Distrito NY-17\u00a0<\/strong><\/strong><\/h2>\n\n\n\n<p>El derecho a la vivienda es un derecho humano, y simplemente no hay suficientes recursos para cubrir las necesidades de los ciudadanos. Es por esto que los costos de vivienda son excesivamente altos. Effie cree que el Congreso necesita enfatizar y darle importancia a la oferta de vivienda, as\u00ed como el Presidente Biden lo hizo con infraestructura. Ella tambi\u00e9n cree que los costos de renta deber\u00edan tener un l\u00edmite para los arrendatarios que reciben beneficios federales como los de la Secci\u00f3n 8.\u00a0<\/p>\n\n\n\n<h2 class=\"wp-block-heading\" id=\"fund\"><strong>Asistencia Financiera en Efectivo Para Quienes Compran Vivienda Por Primera Vez, hasta $50,000<\/strong><\/h2>\n\n\n\n<p>En el Valle Hudson, hay ni\u00f1os que crecen sin poder comprar una vivienda en su mismo distrito cuando son adultos. Innumerables familias han perdido la oportunidad de mejorar su estado financiero e incrementar los bienes y riqueza generacional, debido a los altos costos de vida. El programa de asistencia financiera que propone Effie ayudar\u00e1 a las familias a lograr ser due\u00f1os de su propia vivienda.<\/p>\n\n\n\n<h2 class=\"wp-block-heading\" id=\"care\"><strong>Garantizar el Cuidado Infantil Desde el Nacimiento Hasta el Jard\u00edn de Infantes<\/strong><\/h2>\n\n\n\n<p>El cuidado infantil es una de las cargas m\u00e1s caras y estresantes que soportan los padres. La propuesta de Effie cree en el principio de que &#8220;se necesita un pueblo para criar una familia.\u201d Su propuesta garantiza un a\u00f1o de licencia familiar para los nuevos padres, seis meses remunerados y seis meses con empleo protegido. Las familias que cumplan los requisitos recibir\u00e1n un subsidio para ayudarles durante los \u00faltimos seis meses. Y luego, suponiendo que los padres regresen al trabajo, Effie luchar\u00e1 por la guarder\u00eda universal en la escuela para ni\u00f1os de un a\u00f1o y preescolar universal para ni\u00f1os de 2 a 4 a\u00f1os, hasta el k\u00ednder.<\/p>\n\n\n\n<h2 class=\"wp-block-heading\" id=\"heal\"><strong>Medicare Como Opci\u00f3n P\u00fablica<\/strong><\/h2>\n\n\n\n<p>En el 2023, aproximadamente 921,000 neoyorquinos carecieron de seguro m\u00e9dico. La mayor\u00eda, si no todos, probablemente necesitaron un m\u00e9dico en alg\u00fan momento durante los \u00faltimos dos a\u00f1os. La atenci\u00f3n m\u00e9dica es un derecho humano. Todos los neoyorquinos deben tener acceso a un plan de salud que cubra sus necesidades.<\/p>\n\n\n\n<h2 class=\"wp-block-heading\" id=\"reproductive-freedom\"><strong>Defendiendo los Derechos Reproductivos<\/strong><\/h2>\n\n\n\n<p>Effie ha luchado por la protecci\u00f3n de los\u00a0 derechos reproductivos toda su vida. Ella continuar\u00e1 esta lucha avanzando legislaci\u00f3n federal que garantice el acceso seguro al aborto y la protecci\u00f3n de la salud de las mujeres.<\/p>\n\n\n\n<h2 class=\"wp-block-heading\" id=\"peace\"><strong>Avanzando la Agenda de Paz y Seguridad\u00a0<\/strong><\/h2>\n\n\n\n<p>Effie sabe que los Estados Unidos es m\u00e1s seguro y m\u00e1s pr\u00f3spero cuando apoyamos a nuestros aliados internacionales. Effie apoya a Ucrania y cree en la creaci\u00f3n de un estado biestatal para Israel y Palestina. En el congreso Effie continuar\u00e1 abogando por un alto al fuego permanente de la guerra en Gaza.<\/p>\n\n\n\n<h2 class=\"wp-block-heading\" id=\"people\"><strong>Por la Gente, Para la Gente<\/strong><\/h2>\n\n\n\n<p>Effie cree que los pol\u00edticos deben ser elegidos por el pueblo, no por los poderosos ni por los pocos que m\u00e1s donan a las campa\u00f1as pol\u00edticas. Su campa\u00f1a popular no aceptar\u00e1 dinero de comit\u00e9s de acci\u00f3n pol\u00edtica corporativos (PAC) y luchar\u00e1 para revocar el caso Citizens United.<\/p>\n\n\n\n<figure class=\"wp-block-image alignwide size-large\"><img loading=\"lazy\" decoding=\"async\" width=\"1024\" height=\"576\" src=\"https:\/\/effieforcongress.com\/wp-content\/uploads\/2025\/05\/vsc2-1024x576.png\" alt=\"\" class=\"wp-image-1375\" srcset=\"https:\/\/effieforcongress.com\/wp-content\/uploads\/2025\/05\/vsc2-300x169.png 300w, https:\/\/effieforcongress.com\/wp-content\/uploads\/2025\/05\/vsc2-600x337.png 600w, https:\/\/effieforcongress.com\/wp-content\/uploads\/2025\/05\/vsc2-768x432.png 768w, https:\/\/effieforcongress.com\/wp-content\/uploads\/2025\/05\/vsc2-1024x576.png 1024w, https:\/\/effieforcongress.com\/wp-content\/uploads\/2025\/05\/vsc2-1536x864.png 1536w, https:\/\/effieforcongress.com\/wp-content\/uploads\/2025\/05\/vsc2-2048x1152.png 2048w\" sizes=\"auto, (max-width: 1024px) 100vw, 1024px\" \/><\/figure>\n","protected":false},"excerpt":{"rendered":"<p>Effie se est\u00e1 postulando al congreso para hacer que Washington trabaje por la gente, no s\u00f3lo para la clase millonaria. Ella cre\u00f3 la Agenda de Progreso Suburbano para darle a todos una oportunidad justa para alcanzar&nbsp;&hellip;<\/p>\n","protected":false},"author":1,"featured_media":0,"parent":0,"menu_order":0,"comment_status":"closed","ping_status":"closed","template":"page-priorities.php","meta":{"_acf_changed":false,"footnotes":""},"class_list":["post-1589","page","type-page","status-publish","hentry"],"acf":[],"yoast_head":"<!-- This site is optimized with the Yoast SEO plugin v27.4 - https:\/\/yoast.com\/product\/yoast-seo-wordpress\/ -->\n<title>Prioridades | Effie Phillips-Staley para el Congreso<\/title>\n<meta name=\"robots\" content=\"index, follow, max-snippet:-1, max-image-preview:large, max-video-preview:-1\" \/>\n<link rel=\"canonical\" href=\"https:\/\/effieforcongress.com\/es\/prioridades\/\" \/>\n<meta property=\"og:locale\" content=\"es_ES\" \/>\n<meta property=\"og:type\" content=\"article\" \/>\n<meta property=\"og:title\" content=\"Prioridades | Effie Phillips-Staley para el Congreso\" \/>\n<meta property=\"og:description\" content=\"Effie se est\u00e1 postulando al congreso para hacer que Washington trabaje por la gente, no s\u00f3lo para la clase millonaria. Ella cre\u00f3 la Agenda de Progreso Suburbano para darle a todos una oportunidad justa para alcanzar&nbsp;&hellip;\" \/>\n<meta property=\"og:url\" content=\"https:\/\/effieforcongress.com\/es\/prioridades\/\" \/>\n<meta property=\"og:site_name\" content=\"Effie Phillips-Staley para el Congreso\" \/>\n<meta property=\"article:modified_time\" content=\"2025-09-11T18:18:59+00:00\" \/>\n<meta property=\"og:image\" content=\"https:\/\/effieforcongress.com\/wp-content\/uploads\/2025\/05\/vsc2-1024x576.png\" \/>\n<meta name=\"twitter:card\" content=\"summary_large_image\" \/>\n<script type=\"application\/ld+json\" class=\"yoast-schema-graph\">{\"@context\":\"https:\\\/\\\/schema.org\",\"@graph\":[{\"@type\":\"WebPage\",\"@id\":\"https:\\\/\\\/effieforcongress.com\\\/es\\\/prioridades\\\/\",\"url\":\"https:\\\/\\\/effieforcongress.com\\\/es\\\/prioridades\\\/\",\"name\":\"Prioridades | Effie Phillips-Staley para el Congreso\",\"isPartOf\":{\"@id\":\"https:\\\/\\\/effieforcongress.com\\\/es\\\/#website\"},\"primaryImageOfPage\":{\"@id\":\"https:\\\/\\\/effieforcongress.com\\\/es\\\/prioridades\\\/#primaryimage\"},\"image\":{\"@id\":\"https:\\\/\\\/effieforcongress.com\\\/es\\\/prioridades\\\/#primaryimage\"},\"thumbnailUrl\":\"https:\\\/\\\/effieforcongress.com\\\/wp-content\\\/uploads\\\/2025\\\/05\\\/vsc2-1024x576.png\",\"datePublished\":\"2023-05-23T17:07:06+00:00\",\"dateModified\":\"2025-09-11T18:18:59+00:00\",\"breadcrumb\":{\"@id\":\"https:\\\/\\\/effieforcongress.com\\\/es\\\/prioridades\\\/#breadcrumb\"},\"inLanguage\":\"es-ES\",\"potentialAction\":[{\"@type\":\"ReadAction\",\"target\":[\"https:\\\/\\\/effieforcongress.com\\\/es\\\/prioridades\\\/\"]}]},{\"@type\":\"ImageObject\",\"inLanguage\":\"es-ES\",\"@id\":\"https:\\\/\\\/effieforcongress.com\\\/es\\\/prioridades\\\/#primaryimage\",\"url\":\"https:\\\/\\\/effieforcongress.com\\\/wp-content\\\/uploads\\\/2025\\\/05\\\/vsc2-1024x576.png\",\"contentUrl\":\"https:\\\/\\\/effieforcongress.com\\\/wp-content\\\/uploads\\\/2025\\\/05\\\/vsc2-1024x576.png\"},{\"@type\":\"BreadcrumbList\",\"@id\":\"https:\\\/\\\/effieforcongress.com\\\/es\\\/prioridades\\\/#breadcrumb\",\"itemListElement\":[{\"@type\":\"ListItem\",\"position\":1,\"name\":\"Home\",\"item\":\"https:\\\/\\\/effieforcongress.com\\\/es\\\/\"},{\"@type\":\"ListItem\",\"position\":2,\"name\":\"Prioridades\"}]},{\"@type\":\"WebSite\",\"@id\":\"https:\\\/\\\/effieforcongress.com\\\/es\\\/#website\",\"url\":\"https:\\\/\\\/effieforcongress.com\\\/es\\\/\",\"name\":\"Effie Phillips-Staley para el Congreso\",\"description\":\"Sitio web oficial de la campa\u00f1a\",\"potentialAction\":[{\"@type\":\"SearchAction\",\"target\":{\"@type\":\"EntryPoint\",\"urlTemplate\":\"https:\\\/\\\/effieforcongress.com\\\/es\\\/?s={search_term_string}\"},\"query-input\":{\"@type\":\"PropertyValueSpecification\",\"valueRequired\":true,\"valueName\":\"search_term_string\"}}],\"inLanguage\":\"es-ES\"}]}<\/script>\n<!-- \/ Yoast SEO plugin. -->","yoast_head_json":{"title":"Prioridades | Effie Phillips-Staley para el Congreso","robots":{"index":"index","follow":"follow","max-snippet":"max-snippet:-1","max-image-preview":"max-image-preview:large","max-video-preview":"max-video-preview:-1"},"canonical":"https:\/\/effieforcongress.com\/es\/prioridades\/","og_locale":"es_ES","og_type":"article","og_title":"Prioridades | Effie Phillips-Staley para el Congreso","og_description":"Effie se est\u00e1 postulando al congreso para hacer que Washington trabaje por la gente, no s\u00f3lo para la clase millonaria. Ella cre\u00f3 la Agenda de Progreso Suburbano para darle a todos una oportunidad justa para alcanzar&nbsp;&hellip;","og_url":"https:\/\/effieforcongress.com\/es\/prioridades\/","og_site_name":"Effie Phillips-Staley para el Congreso","article_modified_time":"2025-09-11T18:18:59+00:00","og_image":[{"url":"https:\/\/effieforcongress.com\/wp-content\/uploads\/2025\/05\/vsc2-1024x576.png","type":"","width":"","height":""}],"twitter_card":"summary_large_image","schema":{"@context":"https:\/\/schema.org","@graph":[{"@type":"WebPage","@id":"https:\/\/effieforcongress.com\/es\/prioridades\/","url":"https:\/\/effieforcongress.com\/es\/prioridades\/","name":"Prioridades | Effie Phillips-Staley para el Congreso","isPartOf":{"@id":"https:\/\/effieforcongress.com\/es\/#website"},"primaryImageOfPage":{"@id":"https:\/\/effieforcongress.com\/es\/prioridades\/#primaryimage"},"image":{"@id":"https:\/\/effieforcongress.com\/es\/prioridades\/#primaryimage"},"thumbnailUrl":"https:\/\/effieforcongress.com\/wp-content\/uploads\/2025\/05\/vsc2-1024x576.png","datePublished":"2023-05-23T17:07:06+00:00","dateModified":"2025-09-11T18:18:59+00:00","breadcrumb":{"@id":"https:\/\/effieforcongress.com\/es\/prioridades\/#breadcrumb"},"inLanguage":"es-ES","potentialAction":[{"@type":"ReadAction","target":["https:\/\/effieforcongress.com\/es\/prioridades\/"]}]},{"@type":"ImageObject","inLanguage":"es-ES","@id":"https:\/\/effieforcongress.com\/es\/prioridades\/#primaryimage","url":"https:\/\/effieforcongress.com\/wp-content\/uploads\/2025\/05\/vsc2-1024x576.png","contentUrl":"https:\/\/effieforcongress.com\/wp-content\/uploads\/2025\/05\/vsc2-1024x576.png"},{"@type":"BreadcrumbList","@id":"https:\/\/effieforcongress.com\/es\/prioridades\/#breadcrumb","itemListElement":[{"@type":"ListItem","position":1,"name":"Home","item":"https:\/\/effieforcongress.com\/es\/"},{"@type":"ListItem","position":2,"name":"Prioridades"}]},{"@type":"WebSite","@id":"https:\/\/effieforcongress.com\/es\/#website","url":"https:\/\/effieforcongress.com\/es\/","name":"Effie Phillips-Staley para el Congreso","description":"Sitio web oficial de la campa\u00f1a","potentialAction":[{"@type":"SearchAction","target":{"@type":"EntryPoint","urlTemplate":"https:\/\/effieforcongress.com\/es\/?s={search_term_string}"},"query-input":{"@type":"PropertyValueSpecification","valueRequired":true,"valueName":"search_term_string"}}],"inLanguage":"es-ES"}]}},"_links":{"self":[{"href":"https:\/\/effieforcongress.com\/es\/wp-json\/wp\/v2\/pages\/1589","targetHints":{"allow":["GET"]}}],"collection":[{"href":"https:\/\/effieforcongress.com\/es\/wp-json\/wp\/v2\/pages"}],"about":[{"href":"https:\/\/effieforcongress.com\/es\/wp-json\/wp\/v2\/types\/page"}],"author":[{"embeddable":true,"href":"https:\/\/effieforcongress.com\/es\/wp-json\/wp\/v2\/users\/1"}],"replies":[{"embeddable":true,"href":"https:\/\/effieforcongress.com\/es\/wp-json\/wp\/v2\/comments?post=1589"}],"version-history":[{"count":2,"href":"https:\/\/effieforcongress.com\/es\/wp-json\/wp\/v2\/pages\/1589\/revisions"}],"predecessor-version":[{"id":1592,"href":"https:\/\/effieforcongress.com\/es\/wp-json\/wp\/v2\/pages\/1589\/revisions\/1592"}],"wp:attachment":[{"href":"https:\/\/effieforcongress.com\/es\/wp-json\/wp\/v2\/media?parent=1589"}],"curies":[{"name":"wp","href":"https:\/\/api.w.org\/{rel}","templated":true}]}}